{"id":609,"date":"2023-05-17T15:26:47","date_gmt":"2023-05-17T15:26:47","guid":{"rendered":"https:\/\/kanzleikaeser.ch\/?page_id=609"},"modified":"2023-05-22T13:13:26","modified_gmt":"2023-05-22T13:13:26","slug":"impressum","status":"publish","type":"page","link":"https:\/\/kanzleikaeser.ch\/en\/impressum\/","title":{"rendered":"Impressum"},"content":{"rendered":"<div data-elementor-type=\"wp-page\" data-elementor-id=\"609\" class=\"elementor elementor-609\">\n\t\t\t\t\t\t\t<div class=\"has_eae_slider elementor-element elementor-element-cde6596 e-con-boxed e-flex e-con\" data-id=\"cde6596\" data-element_type=\"container\" data-settings=\"{&quot;content_width&quot;:&quot;boxed&quot;}\">\n\t\t\t\t\t<div class=\"e-con-inner\">\n\t\t\t\t<div class=\"elementor-element elementor-element-c290432 elementor-widget elementor-widget-spacer\" data-id=\"c290432\" data-element_type=\"widget\" data-widget_type=\"spacer.default\">\n\t\t\t\t<div class=\"elementor-widget-container\">\n\t\t\t<style>\/*! elementor - v3.13.2 - 11-05-2023 *\/\n.elementor-column .elementor-spacer-inner{height:var(--spacer-size)}.e-con{--container-widget-width:100%}.e-con-inner>.elementor-widget-spacer,.e-con>.elementor-widget-spacer{width:var(--container-widget-width,var(--spacer-size));--align-self:var(--container-widget-align-self,initial);--flex-shrink:0}.e-con-inner>.elementor-widget-spacer>.elementor-widget-container,.e-con-inner>.elementor-widget-spacer>.elementor-widget-container>.elementor-spacer,.e-con>.elementor-widget-spacer>.elementor-widget-container,.e-con>.elementor-widget-spacer>.elementor-widget-container>.elementor-spacer{height:100%}.e-con-inner>.elementor-widget-spacer>.elementor-widget-container>.elementor-spacer>.elementor-spacer-inner,.e-con>.elementor-widget-spacer>.elementor-widget-container>.elementor-spacer>.elementor-spacer-inner{height:var(--container-widget-height,var(--spacer-size))}<\/style>\t\t<div class=\"elementor-spacer\">\n\t\t\t<div class=\"elementor-spacer-inner\"><\/div>\n\t\t<\/div>\n\t\t\t\t<\/div>\n\t\t\t\t<\/div>\n\t\t\t\t<div class=\"elementor-element elementor-element-59fe694 elementor-widget elementor-widget-heading\" data-id=\"59fe694\" data-element_type=\"widget\" data-widget_type=\"heading.default\">\n\t\t\t\t<div class=\"elementor-widget-container\">\n\t\t\t<style>\/*! elementor - v3.13.2 - 11-05-2023 *\/\n.elementor-heading-title{padding:0;margin:0;line-height:1}.elementor-widget-heading .elementor-heading-title[class*=elementor-size-]>a{color:inherit;font-size:inherit;line-height:inherit}.elementor-widget-heading .elementor-heading-title.elementor-size-small{font-size:15px}.elementor-widget-heading .elementor-heading-title.elementor-size-medium{font-size:19px}.elementor-widget-heading .elementor-heading-title.elementor-size-large{font-size:29px}.elementor-widget-heading .elementor-heading-title.elementor-size-xl{font-size:39px}.elementor-widget-heading .elementor-heading-title.elementor-size-xxl{font-size:59px}<\/style><h1 class=\"elementor-heading-title elementor-size-default\">Impressum<\/h1>\t\t<\/div>\n\t\t\t\t<\/div>\n\t\t\t\t<div class=\"elementor-element elementor-element-682a905 elementor-widget elementor-widget-heading\" data-id=\"682a905\" data-element_type=\"widget\" data-widget_type=\"heading.default\">\n\t\t\t\t<div class=\"elementor-widget-container\">\n\t\t\t<span class=\"elementor-heading-title elementor-size-default\">Kanzlei K\u00e4ser<\/span>\t\t<\/div>\n\t\t\t\t<\/div>\n\t\t\t\t<div class=\"elementor-element elementor-element-324f886 links-container-content elementor-widget elementor-widget-text-editor\" data-id=\"324f886\" data-element_type=\"widget\" data-widget_type=\"text-editor.default\">\n\t\t\t\t<div class=\"elementor-widget-container\">\n\t\t\t<style>\/*! elementor - v3.13.2 - 11-05-2023 *\/\n.elementor-widget-text-editor.elementor-drop-cap-view-stacked .elementor-drop-cap{background-color:#69727d;color:#fff}.elementor-widget-text-editor.elementor-drop-cap-view-framed .elementor-drop-cap{color:#69727d;border:3px solid;background-color:transparent}.elementor-widget-text-editor:not(.elementor-drop-cap-view-default) .elementor-drop-cap{margin-top:8px}.elementor-widget-text-editor:not(.elementor-drop-cap-view-default) .elementor-drop-cap-letter{width:1em;height:1em}.elementor-widget-text-editor .elementor-drop-cap{float:left;text-align:center;line-height:1;font-size:50px}.elementor-widget-text-editor .elementor-drop-cap-letter{display:inline-block}<\/style>\t\t\t\t<p><span style=\"text-align: var(--text-align); letter-spacing: -0.2px;\">Rennweg 38<br \/><\/span><span style=\"text-align: var(--text-align); letter-spacing: -0.2px;\">CH-8001 Zurich<br \/><\/span><span style=\"text-align: var(--text-align); letter-spacing: -0.2px;\">+41 44 585 14 61<br \/><\/span><a style=\"text-align: var(--text-align); letter-spacing: -0.2px; background-color: #ffffff;\" href=\"mailto:kontakt@kanzleikaeser.ch\">kontakt@kanzleikaeser.ch<\/a><\/p>\t\t\t\t\t\t<\/div>\n\t\t\t\t<\/div>\n\t\t\t\t<div class=\"elementor-element elementor-element-b9e7e35 elementor-widget elementor-widget-heading\" data-id=\"b9e7e35\" data-element_type=\"widget\" data-widget_type=\"heading.default\">\n\t\t\t\t<div class=\"elementor-widget-container\">\n\t\t\t<span class=\"elementor-heading-title elementor-size-default\"><p style=\"margin-right: 0px; margin-bottom: 8px; margin-left: 0px; text-align: justify; font-style: normal; font-variant-caps: normal; font-stretch: normal; font-size: 10px; line-height: normal; font-family: Arial; font-size-adjust: none; font-kerning: auto; font-variant-alternates: normal; font-variant-ligatures: normal; font-variant-numeric: normal; font-variant-east-asian: normal; font-variant-position: normal; font-feature-settings: normal; font-optical-sizing: auto; font-variation-settings: normal; color: rgb(0, 0, 0);\"><\/p>Disclaimer:<\/span>\t\t<\/div>\n\t\t\t\t<\/div>\n\t\t\t\t<div class=\"elementor-element elementor-element-c4fdbee elementor-widget elementor-widget-text-editor\" data-id=\"c4fdbee\" data-element_type=\"widget\" data-widget_type=\"text-editor.default\">\n\t\t\t\t<div class=\"elementor-widget-container\">\n\t\t\t\t\t\t\t<p>The information and opinions expressed on this website are not intended to be a comprehensive or final description of the topic at issue, nor to provide legal advice, and should not be treated as a substitute for specific advice concerning particular individual situations. While we try to ensure that the information contained in this website is accurate, we do not provide any warranties as regard its correctness, completeness, suitability or otherwise. We shall not be liable or otherwise responsible for any errors or omissions, or for the results obtained from the use of this information or the website. Moreover, Kanzlei K\u00e4ser does not assume any responsibility for the external internet sites or content linked to this site or which are linked to it or referred to.<\/p>\t\t\t\t\t\t<\/div>\n\t\t\t\t<\/div>\n\t\t\t\t<div class=\"elementor-element elementor-element-fde0622 elementor-button-success elementor-align-left elementor-widget__width-auto elementor-widget elementor-widget-button\" data-id=\"fde0622\" data-element_type=\"widget\" data-widget_type=\"button.default\">\n\t\t\t\t<div class=\"elementor-widget-container\">\n\t\t\t\t\t<div class=\"elementor-button-wrapper\">\n\t\t\t<a href=\"https:\/\/kanzleikaeser.ch\/en\/\" class=\"elementor-button-link elementor-button elementor-size-md\" role=\"button\">\n\t\t\t\t\t\t<span class=\"elementor-button-content-wrapper\">\n\t\t\t\t\t\t\t<span class=\"elementor-button-icon elementor-align-icon-left\">\n\t\t\t\t<i aria-hidden=\"true\" class=\"icon icon-chevron-left\"><\/i>\t\t\t<\/span>\n\t\t\t\t\t\t<span class=\"elementor-button-text\">Back<\/span>\n\t\t<\/span>\n\t\t\t\t\t<\/a>\n\t\t<\/div>\n\t\t\t\t<\/div>\n\t\t\t\t<\/div>\n\t\t\t\t\t<\/div>\n\t\t\t\t<\/div>\n\t\t\t\t\t\t\t<\/div>","protected":false},"excerpt":{"rendered":"<p>Impressum Kanzlei K\u00e4ser Rennweg 38 CH-8001 Z\u00fcrich +41 44 585 14 61 kontakt@kanzleikaeser.ch Disclaimer: Die Informationen und Meinungen auf dieser Website sind nicht als umfassende oder abschliessende Aussage zum betreffenden Thema gedacht. Sie stellen keine Rechtsberatung dar und sollten nicht als Ersatz f\u00fcr eine spezifische Beratung zu einem konkreten Einzelfall betrachtet werden. Wir sind zwar [&hellip;]<\/p>","protected":false},"author":1,"featured_media":0,"parent":0,"menu_order":0,"comment_status":"closed","ping_status":"closed","template":"","meta":{"footnotes":""},"class_list":["post-609","page","type-page","status-publish","hentry"],"yoast_head":"<!-- This site is optimized with the Yoast SEO plugin v20.7 - https:\/\/yoast.com\/wordpress\/plugins\/seo\/ -->\n<title>Impressum - Kanzlei K\u00e4ser \u2013 Z\u00fcrich<\/title>\n<meta name=\"robots\" content=\"noindex, nofollow\" \/>\n<meta property=\"og:locale\" content=\"en_US\" \/>\n<meta property=\"og:type\" content=\"article\" \/>\n<meta property=\"og:title\" content=\"Impressum - Kanzlei K\u00e4ser \u2013 Z\u00fcrich\" \/>\n<meta property=\"og:description\" content=\"Impressum Kanzlei K\u00e4ser Rennweg 38 CH-8001 Z\u00fcrich +41 44 585 14 61 kontakt@kanzleikaeser.ch Disclaimer: Die Informationen und Meinungen auf dieser Website sind nicht als umfassende oder abschliessende Aussage zum betreffenden Thema gedacht. Sie stellen keine Rechtsberatung dar und sollten nicht als Ersatz f\u00fcr eine spezifische Beratung zu einem konkreten Einzelfall betrachtet werden. Wir sind zwar [&hellip;]\" \/>\n<meta property=\"og:url\" content=\"https:\/\/kanzleikaeser.ch\/en\/impressum\/\" \/>\n<meta property=\"og:site_name\" content=\"Kanzlei K\u00e4ser \u2013 Z\u00fcrich\" \/>\n<meta property=\"article:modified_time\" content=\"2023-05-22T13:13:26+00:00\" \/>\n<meta name=\"twitter:card\" content=\"summary_large_image\" \/>\n<meta name=\"twitter:label1\" content=\"Est. reading time\" \/>\n\t<meta name=\"twitter:data1\" content=\"1 minute\" \/>\n<script type=\"application\/ld+json\" class=\"yoast-schema-graph\">{\"@context\":\"https:\/\/schema.org\",\"@graph\":[{\"@type\":\"WebPage\",\"@id\":\"https:\/\/kanzleikaeser.ch\/impressum\/\",\"url\":\"https:\/\/kanzleikaeser.ch\/impressum\/\",\"name\":\"Impressum - Kanzlei K\u00e4ser \u2013 Z\u00fcrich\",\"isPartOf\":{\"@id\":\"https:\/\/kanzleikaeser.ch\/#website\"},\"datePublished\":\"2023-05-17T15:26:47+00:00\",\"dateModified\":\"2023-05-22T13:13:26+00:00\",\"breadcrumb\":{\"@id\":\"https:\/\/kanzleikaeser.ch\/impressum\/#breadcrumb\"},\"inLanguage\":\"en-US\",\"potentialAction\":[{\"@type\":\"ReadAction\",\"target\":[\"https:\/\/kanzleikaeser.ch\/impressum\/\"]}]},{\"@type\":\"BreadcrumbList\",\"@id\":\"https:\/\/kanzleikaeser.ch\/impressum\/#breadcrumb\",\"itemListElement\":[{\"@type\":\"ListItem\",\"position\":1,\"name\":\"Home\",\"item\":\"https:\/\/kanzleikaeser.ch\/\"},{\"@type\":\"ListItem\",\"position\":2,\"name\":\"Impressum\"}]},{\"@type\":\"WebSite\",\"@id\":\"https:\/\/kanzleikaeser.ch\/#website\",\"url\":\"https:\/\/kanzleikaeser.ch\/\",\"name\":\"Kanzlei K\u00e4ser \u2013 Z\u00fcrich\",\"description\":\"\",\"publisher\":{\"@id\":\"https:\/\/kanzleikaeser.ch\/#organization\"},\"potentialAction\":[{\"@type\":\"SearchAction\",\"target\":{\"@type\":\"EntryPoint\",\"urlTemplate\":\"https:\/\/kanzleikaeser.ch\/?s={search_term_string}\"},\"query-input\":\"required name=search_term_string\"}],\"inLanguage\":\"en-US\"},{\"@type\":\"Organization\",\"@id\":\"https:\/\/kanzleikaeser.ch\/#organization\",\"name\":\"Kanzlei K\u00e4ser \u2013 Z\u00fcrich\",\"url\":\"https:\/\/kanzleikaeser.ch\/\",\"logo\":{\"@type\":\"ImageObject\",\"inLanguage\":\"en-US\",\"@id\":\"https:\/\/kanzleikaeser.ch\/#\/schema\/logo\/image\/\",\"url\":\"https:\/\/kanzleikaeser.ch\/wp-content\/uploads\/2023\/05\/logo_top.svg\",\"contentUrl\":\"https:\/\/kanzleikaeser.ch\/wp-content\/uploads\/2023\/05\/logo_top.svg\",\"caption\":\"Kanzlei K\u00e4ser \u2013 Z\u00fcrich\"},\"image\":{\"@id\":\"https:\/\/kanzleikaeser.ch\/#\/schema\/logo\/image\/\"}}]}<\/script>\n<!-- \/ Yoast SEO plugin. -->","yoast_head_json":{"title":"Impressum - Kanzlei K\u00e4ser \u2013 Z\u00fcrich","robots":{"index":"noindex","follow":"nofollow"},"og_locale":"en_US","og_type":"article","og_title":"Impressum - Kanzlei K\u00e4ser \u2013 Z\u00fcrich","og_description":"Impressum Kanzlei K\u00e4ser Rennweg 38 CH-8001 Z\u00fcrich +41 44 585 14 61 kontakt@kanzleikaeser.ch Disclaimer: Die Informationen und Meinungen auf dieser Website sind nicht als umfassende oder abschliessende Aussage zum betreffenden Thema gedacht. Sie stellen keine Rechtsberatung dar und sollten nicht als Ersatz f\u00fcr eine spezifische Beratung zu einem konkreten Einzelfall betrachtet werden. Wir sind zwar [&hellip;]","og_url":"https:\/\/kanzleikaeser.ch\/en\/impressum\/","og_site_name":"Kanzlei K\u00e4ser \u2013 Z\u00fcrich","article_modified_time":"2023-05-22T13:13:26+00:00","twitter_card":"summary_large_image","twitter_misc":{"Est. reading time":"1 minute"},"schema":{"@context":"https:\/\/schema.org","@graph":[{"@type":"WebPage","@id":"https:\/\/kanzleikaeser.ch\/impressum\/","url":"https:\/\/kanzleikaeser.ch\/impressum\/","name":"Impressum - Kanzlei K\u00e4ser \u2013 Z\u00fcrich","isPartOf":{"@id":"https:\/\/kanzleikaeser.ch\/#website"},"datePublished":"2023-05-17T15:26:47+00:00","dateModified":"2023-05-22T13:13:26+00:00","breadcrumb":{"@id":"https:\/\/kanzleikaeser.ch\/impressum\/#breadcrumb"},"inLanguage":"en-US","potentialAction":[{"@type":"ReadAction","target":["https:\/\/kanzleikaeser.ch\/impressum\/"]}]},{"@type":"BreadcrumbList","@id":"https:\/\/kanzleikaeser.ch\/impressum\/#breadcrumb","itemListElement":[{"@type":"ListItem","position":1,"name":"Home","item":"https:\/\/kanzleikaeser.ch\/"},{"@type":"ListItem","position":2,"name":"Impressum"}]},{"@type":"WebSite","@id":"https:\/\/kanzleikaeser.ch\/#website","url":"https:\/\/kanzleikaeser.ch\/","name":"Kanzlei K\u00e4ser \u2013 Z\u00fcrich","description":"","publisher":{"@id":"https:\/\/kanzleikaeser.ch\/#organization"},"potentialAction":[{"@type":"SearchAction","target":{"@type":"EntryPoint","urlTemplate":"https:\/\/kanzleikaeser.ch\/?s={search_term_string}"},"query-input":"required name=search_term_string"}],"inLanguage":"en-US"},{"@type":"Organization","@id":"https:\/\/kanzleikaeser.ch\/#organization","name":"Kanzlei K\u00e4ser \u2013 Z\u00fcrich","url":"https:\/\/kanzleikaeser.ch\/","logo":{"@type":"ImageObject","inLanguage":"en-US","@id":"https:\/\/kanzleikaeser.ch\/#\/schema\/logo\/image\/","url":"https:\/\/kanzleikaeser.ch\/wp-content\/uploads\/2023\/05\/logo_top.svg","contentUrl":"https:\/\/kanzleikaeser.ch\/wp-content\/uploads\/2023\/05\/logo_top.svg","caption":"Kanzlei K\u00e4ser \u2013 Z\u00fcrich"},"image":{"@id":"https:\/\/kanzleikaeser.ch\/#\/schema\/logo\/image\/"}}]}},"_links":{"self":[{"href":"https:\/\/kanzleikaeser.ch\/en\/wp-json\/wp\/v2\/pages\/609","targetHints":{"allow":["GET"]}}],"collection":[{"href":"https:\/\/kanzleikaeser.ch\/en\/wp-json\/wp\/v2\/pages"}],"about":[{"href":"https:\/\/kanzleikaeser.ch\/en\/wp-json\/wp\/v2\/types\/page"}],"author":[{"embeddable":true,"href":"https:\/\/kanzleikaeser.ch\/en\/wp-json\/wp\/v2\/users\/1"}],"replies":[{"embeddable":true,"href":"https:\/\/kanzleikaeser.ch\/en\/wp-json\/wp\/v2\/comments?post=609"}],"version-history":[{"count":51,"href":"https:\/\/kanzleikaeser.ch\/en\/wp-json\/wp\/v2\/pages\/609\/revisions"}],"predecessor-version":[{"id":862,"href":"https:\/\/kanzleikaeser.ch\/en\/wp-json\/wp\/v2\/pages\/609\/revisions\/862"}],"wp:attachment":[{"href":"https:\/\/kanzleikaeser.ch\/en\/wp-json\/wp\/v2\/media?parent=609"}],"curies":[{"name":"wp","href":"https:\/\/api.w.org\/{rel}","templated":true}]}}